{"id":10137,"date":"2025-09-26T13:44:53","date_gmt":"2025-09-26T13:44:53","guid":{"rendered":"http:\/\/www.hpsenergy.eu\/shop\/senza-categoria\/new-upgraded-and-more-powerful-5kw-horizontal-wind-turbine-generator-set-with-low-speed\/"},"modified":"2025-09-30T10:45:57","modified_gmt":"2025-09-30T10:45:57","slug":"new-upgraded-and-more-powerful-5kw-horizontal-wind-turbine-generator-set-with-low-speed","status":"publish","type":"product","link":"https:\/\/hpsenergy.eu\/en\/shop\/impianti-a-vento\/new-upgraded-and-more-powerful-5kw-horizontal-wind-turbine-generator-set-with-low-speed\/","title":{"rendered":"Nuovo generatore di turbine eoliche orizzontali da 5KW aggiornata e pi\u00f9 potente set a bassa velocit\u00e0"},"content":{"rendered":"<p><div class = \"dettaglioModule_text-Image\"> <\/p>\n<h3> Nuovo generatore di turbina eolica orizzontale pi\u00f9 potente e pi\u00f9 potente set da 5KW set di turbine eoliche a bassa velocit\u00e0 <\/h3>\n<p style = \"di carattere: 16px; font-weight: grassetto;\"> 1. <\/p>","protected":false},"excerpt":{"rendered":"<p>Nuovo generatore di turbina eolica orizzontale pi\u00f9 potente e pi\u00f9 potente set da 5KW set di turbine eoliche a bassa velocit\u00e0 1.<\/p>","protected":false},"featured_media":10138,"template":"","meta":{"_kad_post_transparent":"","_kad_post_title":"","_kad_post_layout":"","_kad_post_sidebar_id":"","_kad_post_content_style":"","_kad_post_vertical_padding":"","_kad_post_feature":"","_kad_post_feature_position":"","_kad_post_header":false,"_kad_post_footer":false,"_kad_post_classname":""},"product_brand":[],"product_cat":[73],"product_tag":[105,584,583],"woo-feed-brand":[],"class_list":{"0":"post-10137","1":"product","2":"type-product","3":"status-publish","4":"has-post-thumbnail","6":"product_cat-impianti-a-vento","7":"product_tag-eolico","8":"product_tag-mini-eolico","9":"product_tag-sistemi-eolici","11":"first","12":"instock","13":"taxable","14":"shipping-taxable","15":"purchasable","16":"product-type-variable","17":"entry","18":"content-bg","19":"loop-entry"},"jetpack_sharing_enabled":true,"_links":{"self":[{"href":"https:\/\/hpsenergy.eu\/en\/wp-json\/wp\/v2\/product\/10137","targetHints":{"allow":["GET"]}}],"collection":[{"href":"https:\/\/hpsenergy.eu\/en\/wp-json\/wp\/v2\/product"}],"about":[{"href":"https:\/\/hpsenergy.eu\/en\/wp-json\/wp\/v2\/types\/product"}],"wp:featuredmedia":[{"embeddable":true,"href":"https:\/\/hpsenergy.eu\/en\/wp-json\/wp\/v2\/media\/10138"}],"wp:attachment":[{"href":"https:\/\/hpsenergy.eu\/en\/wp-json\/wp\/v2\/media?parent=10137"}],"wp:term":[{"taxonomy":"product_brand","embeddable":true,"href":"https:\/\/hpsenergy.eu\/en\/wp-json\/wp\/v2\/product_brand?post=10137"},{"taxonomy":"product_cat","embeddable":true,"href":"https:\/\/hpsenergy.eu\/en\/wp-json\/wp\/v2\/product_cat?post=10137"},{"taxonomy":"product_tag","embeddable":true,"href":"https:\/\/hpsenergy.eu\/en\/wp-json\/wp\/v2\/product_tag?post=10137"},{"taxonomy":"woo-feed-brand","embeddable":true,"href":"https:\/\/hpsenergy.eu\/en\/wp-json\/wp\/v2\/woo-feed-brand?post=10137"}],"curies":[{"name":"wp","href":"https:\/\/api.w.org\/{rel}","templated":true}]}}