{"id":3763,"date":"2023-04-21T09:13:05","date_gmt":"2023-04-21T09:13:05","guid":{"rendered":"https:\/\/hpsenergy.eu\/?page_id=3763"},"modified":"2025-09-28T05:13:51","modified_gmt":"2025-09-28T05:13:51","slug":"pubblica-comunita","status":"publish","type":"page","link":"https:\/\/hpsenergy.eu\/en\/pubblica-comunita\/","title":{"rendered":"Pubblica Comunit\u00e0"},"content":{"rendered":"<div data-elementor-type=\"wp-page\" data-elementor-id=\"3763\" class=\"elementor elementor-3763\">\n\t\t\t\t\t\t<section class=\"elementor-section elementor-top-section elementor-element elementor-element-485ebf43 elementor-section-height-min-height elementor-section-full_width elementor-section-stretched elementor-section-height-default elementor-section-items-middle\" data-id=\"485ebf43\" data-element_type=\"section\" data-e-type=\"section\" data-settings=\"{&quot;background_background&quot;:&quot;classic&quot;,&quot;stretch_section&quot;:&quot;section-stretched&quot;}\">\n\t\t\t\t\t\t<div class=\"elementor-container elementor-column-gap-default\">\n\t\t\t\t\t<div class=\"elementor-column elementor-col-100 elementor-top-column elementor-element elementor-element-39e9c355\" data-id=\"39e9c355\" data-element_type=\"column\" data-e-type=\"column\">\n\t\t\t<div class=\"elementor-widget-wrap elementor-element-populated\">\n\t\t\t\t\t\t<div class=\"elementor-element elementor-element-a049746 elementor-widget elementor-widget-heading\" data-id=\"a049746\" data-element_type=\"widget\" data-e-type=\"widget\" data-widget_type=\"heading.default\">\n\t\t\t\t<div class=\"elementor-widget-container\">\n\t\t\t\t\t<h1 class=\"elementor-heading-title elementor-size-default\">Pubblica Comunit\u00e0<\/h1>\t\t\t\t<\/div>\n\t\t\t\t<\/div>\n\t\t\t\t\t<\/div>\n\t\t<\/div>\n\t\t\t\t\t<\/div>\n\t\t<\/section>\n\t\t\t\t<section class=\"elementor-section elementor-top-section elementor-element elementor-element-3a2f3e3 elementor-section-boxed elementor-section-height-default elementor-section-height-default\" data-id=\"3a2f3e3\" data-element_type=\"section\" data-e-type=\"section\">\n\t\t\t\t\t\t<div class=\"elementor-container elementor-column-gap-default\">\n\t\t\t\t\t<div class=\"elementor-column elementor-col-100 elementor-top-column elementor-element elementor-element-68e3ba9\" data-id=\"68e3ba9\" data-element_type=\"column\" data-e-type=\"column\">\n\t\t\t<div class=\"elementor-widget-wrap elementor-element-populated\">\n\t\t\t\t\t\t<div class=\"elementor-element elementor-element-236b68b elementor-widget elementor-widget-heading\" data-id=\"236b68b\" data-element_type=\"widget\" data-e-type=\"widget\" data-widget_type=\"heading.default\">\n\t\t\t\t<div class=\"elementor-widget-container\">\n\t\t\t\t\t<h3 class=\"elementor-heading-title elementor-size-default\">HPS Energy sviluppa soluzioni per la Pubblica Comunit\u00e0<\/h3>\t\t\t\t<\/div>\n\t\t\t\t<\/div>\n\t\t\t\t\t<\/div>\n\t\t<\/div>\n\t\t\t\t\t<\/div>\n\t\t<\/section>\n\t\t\t\t<section class=\"elementor-section elementor-top-section elementor-element elementor-element-4110a16 elementor-section-boxed elementor-section-height-default elementor-section-height-default\" data-id=\"4110a16\" data-element_type=\"section\" data-e-type=\"section\">\n\t\t\t\t\t\t<div class=\"elementor-container elementor-column-gap-default\">\n\t\t\t\t\t<div class=\"elementor-column elementor-col-100 elementor-top-column elementor-element elementor-element-341d1b6\" data-id=\"341d1b6\" data-element_type=\"column\" data-e-type=\"column\">\n\t\t\t<div class=\"elementor-widget-wrap elementor-element-populated\">\n\t\t\t\t\t\t<div class=\"elementor-element elementor-element-d375d21 elementor-widget elementor-widget-text-editor\" data-id=\"d375d21\" data-element_type=\"widget\" data-e-type=\"widget\" data-widget_type=\"text-editor.default\">\n\t\t\t\t<div class=\"elementor-widget-container\">\n\t\t\t\t\t\t\t\t\t<p>HPS Energy realizza sistemi basati su impianti solari per l&#8217;utilit\u00e0 pubblica. Tutti i sistemi possono essere Trifase e fornire una potenza ottimale per il fabbisogno collettivo. I sistemi adoperano Inverter di nuova generazione, genericamente sono equipaggiati con sistemi di rete (on grid) muniti di cabine o camere di gestione.<\/p>\t\t\t\t\t\t\t\t<\/div>\n\t\t\t\t<\/div>\n\t\t\t\t\t<\/div>\n\t\t<\/div>\n\t\t\t\t\t<\/div>\n\t\t<\/section>\n\t\t\t\t<section class=\"elementor-section elementor-top-section elementor-element elementor-element-58f6892 elementor-section-boxed elementor-section-height-default elementor-section-height-default\" data-id=\"58f6892\" data-element_type=\"section\" data-e-type=\"section\">\n\t\t\t\t\t\t<div class=\"elementor-container elementor-column-gap-default\">\n\t\t\t\t\t<div class=\"elementor-column elementor-col-50 elementor-top-column elementor-element elementor-element-efb26a0\" data-id=\"efb26a0\" data-element_type=\"column\" data-e-type=\"column\">\n\t\t\t<div class=\"elementor-widget-wrap elementor-element-populated\">\n\t\t\t\t\t\t<div class=\"elementor-element elementor-element-4124ed6 elementor-widget elementor-widget-text-editor\" data-id=\"4124ed6\" data-element_type=\"widget\" data-e-type=\"widget\" data-widget_type=\"text-editor.default\">\n\t\t\t\t<div class=\"elementor-widget-container\">\n\t\t\t\t\t\t\t\t\t<p>La scelta dei prodotti che compongono un impianto di rete \u00e8 fondamentale per ottimizzazione una gestione e rendere un sistema maggiormente efficiente nel medio lungo periodo, nonch\u00e8 resistente all&#8217;esposizione in tutte le condizioni climatiche.<\/p><p>Un&#8217;ottima proposta sono i pannelli di ultima generazione Mono da 550-700 Watt che abbinate ad un inverter di rete facilita una gestione controllata anche a distanza con i protocolli digitali di connessione. Vengono forniti con una garanzia di 25 anni con una degradazione massima del 0,55% per anno.<\/p><p>I pannelli da 550 Watt sono prodotti in 144 celle nono cristallino con certificazione CE e TUV con una tolleranza energetica da 0 a +3%. I vantaggi:<\/p><ul><li>Migliore cattura della luce e raccolta di corrente per migliorare la potenza e l&#8217;affidabilit\u00e0 del modulo;<\/li><li>Design ottimizzato per una perdita dei punti caldi ridotta e un migliore coefficiente di temperatura;<\/li><li>Elevata resistenza alla nebbia salina e all&#8217;ammoniaca;<\/li><li>Certificato per resistere al carico del vento a 2400 Pascal e carico di neve a 5400 pascal;<\/li><\/ul>\t\t\t\t\t\t\t\t<\/div>\n\t\t\t\t<\/div>\n\t\t\t\t\t<\/div>\n\t\t<\/div>\n\t\t\t\t<div class=\"elementor-column elementor-col-50 elementor-top-column elementor-element elementor-element-a478e52\" data-id=\"a478e52\" data-element_type=\"column\" data-e-type=\"column\">\n\t\t\t<div class=\"elementor-widget-wrap elementor-element-populated\">\n\t\t\t\t\t\t<div class=\"elementor-element elementor-element-9d4b49d elementor-widget elementor-widget-image\" data-id=\"9d4b49d\" data-element_type=\"widget\" data-e-type=\"widget\" data-widget_type=\"image.default\">\n\t\t\t\t<div class=\"elementor-widget-container\">\n\t\t\t\t\t\t\t\t\t\t\t\t\t\t\t<img fetchpriority=\"high\" decoding=\"async\" width=\"607\" height=\"476\" src=\"https:\/\/hpsenergy.eu\/wp-content\/uploads\/2023\/04\/555w_dim.jpg\" class=\"attachment-medium_large size-medium_large wp-image-3766\" alt=\"550 watt panels\" srcset=\"https:\/\/hpsenergy.eu\/wp-content\/uploads\/2023\/04\/555w_dim.jpg 607w, https:\/\/hpsenergy.eu\/wp-content\/uploads\/2023\/04\/555w_dim-300x235.jpg 300w\" sizes=\"(max-width: 607px) 100vw, 607px\" \/>\t\t\t\t\t\t\t\t\t\t\t\t\t\t\t<\/div>\n\t\t\t\t<\/div>\n\t\t\t\t\t<\/div>\n\t\t<\/div>\n\t\t\t\t\t<\/div>\n\t\t<\/section>\n\t\t\t\t<section class=\"elementor-section elementor-top-section elementor-element elementor-element-54ea9da elementor-section-boxed elementor-section-height-default elementor-section-height-default\" data-id=\"54ea9da\" data-element_type=\"section\" data-e-type=\"section\">\n\t\t\t\t\t\t<div class=\"elementor-container elementor-column-gap-default\">\n\t\t\t\t\t<div class=\"elementor-column elementor-col-33 elementor-top-column elementor-element elementor-element-92ac226\" data-id=\"92ac226\" data-element_type=\"column\" data-e-type=\"column\">\n\t\t\t<div class=\"elementor-widget-wrap elementor-element-populated\">\n\t\t\t\t\t\t<div class=\"elementor-element elementor-element-6eb3e22 elementor-position-top elementor-widget elementor-widget-image-box\" data-id=\"6eb3e22\" data-element_type=\"widget\" data-e-type=\"widget\" data-widget_type=\"image-box.default\">\n\t\t\t\t<div class=\"elementor-widget-container\">\n\t\t\t\t\t<div class=\"elementor-image-box-wrapper\"><figure class=\"elementor-image-box-img\"><a href=\"https:\/\/hpsenergy.eu\/en\/product-category\/impianti-fotovoltaico\/\" tabindex=\"-1\"><img decoding=\"async\" width=\"800\" height=\"600\" src=\"https:\/\/hpsenergy.eu\/wp-content\/uploads\/2024\/10\/Pubblico1.jpg\" class=\"attachment-full size-full wp-image-6215\" alt=\"\" srcset=\"https:\/\/hpsenergy.eu\/wp-content\/uploads\/2024\/10\/Pubblico1.jpg 800w, https:\/\/hpsenergy.eu\/wp-content\/uploads\/2024\/10\/Pubblico1-300x225.jpg 300w, https:\/\/hpsenergy.eu\/wp-content\/uploads\/2024\/10\/Pubblico1-768x576.jpg 768w, https:\/\/hpsenergy.eu\/wp-content\/uploads\/2024\/10\/Pubblico1-16x12.jpg 16w\" sizes=\"(max-width: 800px) 100vw, 800px\" \/><\/a><\/figure><div class=\"elementor-image-box-content\"><h4 class=\"elementor-image-box-title\"><a href=\"https:\/\/hpsenergy.eu\/en\/product-category\/impianti-fotovoltaico\/\">Impianti Solari<\/a><\/h4><p class=\"elementor-image-box-description\">Soluzioni pubbliche on grid per il benessere comune.<\/p><\/div><\/div>\t\t\t\t<\/div>\n\t\t\t\t<\/div>\n\t\t\t\t\t<\/div>\n\t\t<\/div>\n\t\t\t\t<div class=\"elementor-column elementor-col-33 elementor-top-column elementor-element elementor-element-ceaed1c\" data-id=\"ceaed1c\" data-element_type=\"column\" data-e-type=\"column\">\n\t\t\t<div class=\"elementor-widget-wrap elementor-element-populated\">\n\t\t\t\t\t\t<div class=\"elementor-element elementor-element-4f616c6 elementor-position-top elementor-widget elementor-widget-image-box\" data-id=\"4f616c6\" data-element_type=\"widget\" data-e-type=\"widget\" data-widget_type=\"image-box.default\">\n\t\t\t\t<div class=\"elementor-widget-container\">\n\t\t\t\t\t<div class=\"elementor-image-box-wrapper\"><figure class=\"elementor-image-box-img\"><a href=\"https:\/\/hpsenergy.eu\/en\/product-category\/impianti-a-vento\/\" tabindex=\"-1\"><img decoding=\"async\" width=\"800\" height=\"600\" src=\"https:\/\/hpsenergy.eu\/wp-content\/uploads\/2024\/10\/Pubblico2.jpg\" class=\"attachment-full size-full wp-image-6214\" alt=\"\" srcset=\"https:\/\/hpsenergy.eu\/wp-content\/uploads\/2024\/10\/Pubblico2.jpg 800w, https:\/\/hpsenergy.eu\/wp-content\/uploads\/2024\/10\/Pubblico2-300x225.jpg 300w, https:\/\/hpsenergy.eu\/wp-content\/uploads\/2024\/10\/Pubblico2-768x576.jpg 768w, https:\/\/hpsenergy.eu\/wp-content\/uploads\/2024\/10\/Pubblico2-16x12.jpg 16w\" sizes=\"(max-width: 800px) 100vw, 800px\" \/><\/a><\/figure><div class=\"elementor-image-box-content\"><h4 class=\"elementor-image-box-title\"><a href=\"https:\/\/hpsenergy.eu\/en\/product-category\/impianti-a-vento\/\">Oelico<\/a><\/h4><p class=\"elementor-image-box-description\">Impianti di turbine eoliche per energia pubblica.<\/p><\/div><\/div>\t\t\t\t<\/div>\n\t\t\t\t<\/div>\n\t\t\t\t\t<\/div>\n\t\t<\/div>\n\t\t\t\t<div class=\"elementor-column elementor-col-33 elementor-top-column elementor-element elementor-element-74c69e0\" data-id=\"74c69e0\" data-element_type=\"column\" data-e-type=\"column\">\n\t\t\t<div class=\"elementor-widget-wrap elementor-element-populated\">\n\t\t\t\t\t\t<div class=\"elementor-element elementor-element-81c5389 elementor-position-top elementor-widget elementor-widget-image-box\" data-id=\"81c5389\" data-element_type=\"widget\" data-e-type=\"widget\" data-widget_type=\"image-box.default\">\n\t\t\t\t<div class=\"elementor-widget-container\">\n\t\t\t\t\t<div class=\"elementor-image-box-wrapper\"><figure class=\"elementor-image-box-img\"><a href=\"https:\/\/hpsenergy.eu\/en\/product-category\/car-charging\/\" tabindex=\"-1\"><img loading=\"lazy\" decoding=\"async\" width=\"800\" height=\"600\" src=\"https:\/\/hpsenergy.eu\/wp-content\/uploads\/2024\/10\/Pubblico3.jpg\" class=\"attachment-full size-full wp-image-6213\" alt=\"\" srcset=\"https:\/\/hpsenergy.eu\/wp-content\/uploads\/2024\/10\/Pubblico3.jpg 800w, https:\/\/hpsenergy.eu\/wp-content\/uploads\/2024\/10\/Pubblico3-300x225.jpg 300w, https:\/\/hpsenergy.eu\/wp-content\/uploads\/2024\/10\/Pubblico3-768x576.jpg 768w, https:\/\/hpsenergy.eu\/wp-content\/uploads\/2024\/10\/Pubblico3-16x12.jpg 16w\" sizes=\"(max-width: 800px) 100vw, 800px\" \/><\/a><\/figure><div class=\"elementor-image-box-content\"><h4 class=\"elementor-image-box-title\"><a href=\"https:\/\/hpsenergy.eu\/en\/product-category\/car-charging\/\">Postazioni di Ricarica<\/a><\/h4><p class=\"elementor-image-box-description\">Soluzioni di postazioni di ricarica su rete pubblica<\/p><\/div><\/div>\t\t\t\t<\/div>\n\t\t\t\t<\/div>\n\t\t\t\t\t<\/div>\n\t\t<\/div>\n\t\t\t\t\t<\/div>\n\t\t<\/section>\n\t\t\t\t<section class=\"elementor-section elementor-top-section elementor-element elementor-element-0cf90fe elementor-section-boxed elementor-section-height-default elementor-section-height-default\" data-id=\"0cf90fe\" data-element_type=\"section\" data-e-type=\"section\">\n\t\t\t\t\t\t<div class=\"elementor-container elementor-column-gap-default\">\n\t\t\t\t\t<div class=\"elementor-column elementor-col-100 elementor-top-column elementor-element elementor-element-39e87e5\" data-id=\"39e87e5\" data-element_type=\"column\" data-e-type=\"column\">\n\t\t\t<div class=\"elementor-widget-wrap elementor-element-populated\">\n\t\t\t\t\t\t<div class=\"elementor-element elementor-element-448bd73 elementor-widget elementor-widget-heading\" data-id=\"448bd73\" data-element_type=\"widget\" data-e-type=\"widget\" data-widget_type=\"heading.default\">\n\t\t\t\t<div class=\"elementor-widget-container\">\n\t\t\t\t\t<h4 class=\"elementor-heading-title elementor-size-default\">Un esempio di sistema da 1 MW di rete (On Grid):<\/h4>\t\t\t\t<\/div>\n\t\t\t\t<\/div>\n\t\t\t\t\t<\/div>\n\t\t<\/div>\n\t\t\t\t\t<\/div>\n\t\t<\/section>\n\t\t\t\t<section class=\"elementor-section elementor-top-section elementor-element elementor-element-abf5c47 elementor-section-boxed elementor-section-height-default elementor-section-height-default\" data-id=\"abf5c47\" data-element_type=\"section\" data-e-type=\"section\">\n\t\t\t\t\t\t<div class=\"elementor-container elementor-column-gap-default\">\n\t\t\t\t\t<div class=\"elementor-column elementor-col-50 elementor-top-column elementor-element elementor-element-6a99787\" data-id=\"6a99787\" data-element_type=\"column\" data-e-type=\"column\">\n\t\t\t<div class=\"elementor-widget-wrap elementor-element-populated\">\n\t\t\t\t\t\t<div class=\"elementor-element elementor-element-f99a761 elementor-widget elementor-widget-image\" data-id=\"f99a761\" data-element_type=\"widget\" data-e-type=\"widget\" data-widget_type=\"image.default\">\n\t\t\t\t<div class=\"elementor-widget-container\">\n\t\t\t\t\t\t\t\t\t\t\t\t\t\t\t<img loading=\"lazy\" decoding=\"async\" width=\"768\" height=\"768\" src=\"https:\/\/hpsenergy.eu\/wp-content\/uploads\/2022\/11\/fullset-768x768.jpg\" class=\"attachment-medium_large size-medium_large wp-image-825\" alt=\"Set completo impianto solare fotovoltaico\" srcset=\"https:\/\/hpsenergy.eu\/wp-content\/uploads\/2022\/11\/fullset-768x768.jpg 768w, https:\/\/hpsenergy.eu\/wp-content\/uploads\/2022\/11\/fullset-300x300.jpg 300w, https:\/\/hpsenergy.eu\/wp-content\/uploads\/2022\/11\/fullset-100x100.jpg 100w, https:\/\/hpsenergy.eu\/wp-content\/uploads\/2022\/11\/fullset-400x400.jpg 400w, https:\/\/hpsenergy.eu\/wp-content\/uploads\/2022\/11\/fullset-150x150.jpg 150w, https:\/\/hpsenergy.eu\/wp-content\/uploads\/2022\/11\/fullset-12x12.jpg 12w, https:\/\/hpsenergy.eu\/wp-content\/uploads\/2022\/11\/fullset-600x600.jpg 600w, https:\/\/hpsenergy.eu\/wp-content\/uploads\/2022\/11\/elementor\/thumbs\/fullset-qtwwy6sj5rd6g0aqb498zu3nrymwy3dx7a89e8gq6g.jpg 500w, https:\/\/hpsenergy.eu\/wp-content\/uploads\/2022\/11\/fullset.jpg 820w\" sizes=\"(max-width: 768px) 100vw, 768px\" \/>\t\t\t\t\t\t\t\t\t\t\t\t\t\t\t<\/div>\n\t\t\t\t<\/div>\n\t\t\t\t\t<\/div>\n\t\t<\/div>\n\t\t\t\t<div class=\"elementor-column elementor-col-50 elementor-top-column elementor-element elementor-element-bd91185\" data-id=\"bd91185\" data-element_type=\"column\" data-e-type=\"column\">\n\t\t\t<div class=\"elementor-widget-wrap elementor-element-populated\">\n\t\t\t\t\t\t<div class=\"elementor-element elementor-element-a6e7b93 elementor-widget elementor-widget-heading\" data-id=\"a6e7b93\" data-element_type=\"widget\" data-e-type=\"widget\" data-widget_type=\"heading.default\">\n\t\t\t\t<div class=\"elementor-widget-container\">\n\t\t\t\t\t<h5 class=\"elementor-heading-title elementor-size-default\">Un Sistema completo<\/h5>\t\t\t\t<\/div>\n\t\t\t\t<\/div>\n\t\t\t\t<div class=\"elementor-element elementor-element-61368e4 elementor-widget elementor-widget-text-editor\" data-id=\"61368e4\" data-element_type=\"widget\" data-e-type=\"widget\" data-widget_type=\"text-editor.default\">\n\t\t\t\t<div class=\"elementor-widget-container\">\n\t\t\t\t\t\t\t\t\t<p>I nostri sistemi sono forniti con tutti gli equipaggiamenti necessari per renderlo funzionante.<\/p><ul style=\"margin-right: var(--default-editor, auto); margin-bottom: 0px; margin-left: var(--default-editor, auto); font-size: 16px; text-align: start; width: var(--default-editor, var(--block-width)); max-width: var(--default-editor, var(--block-max-width));\"><li>No.1802 Pannelli Solari mono cristallini da 555 watt dim.182 mm 144 celle con peso 28,9 Kg<\/li><li>No.8 inverter On Grid con potenza da 125 Kw, AC output 230\/400 V 50\/60 Hz, voltaggio nominale 600 v, MPPT 180-1000 V no.10 con Wi-fi.<\/li><li>No.8 deviatori di rete<\/li><li>Set di supporti e minuteria per il montaggio<\/li><li>No.50 cablaggi PV da 4 mmq per temp -40-90 \u00b0c<\/li><li>No.1000 connettori da 30A con potenza max 1000VDC<\/li><\/ul><p>\u00a0<\/p><p>Sistema di montaggio a terra su struttura fornita. L&#8217;impianto \u00e8 stato concepito con sistemi dinamici che consentono di poter adottare in futuro nuove soluzioni per una maggiore performance e prestazioni energetiche.<\/p>\t\t\t\t\t\t\t\t<\/div>\n\t\t\t\t<\/div>\n\t\t\t\t\t<\/div>\n\t\t<\/div>\n\t\t\t\t\t<\/div>\n\t\t<\/section>\n\t\t\t\t<section class=\"elementor-section elementor-top-section elementor-element elementor-element-2c19a20 elementor-section-boxed elementor-section-height-default elementor-section-height-default\" data-id=\"2c19a20\" data-element_type=\"section\" data-e-type=\"section\">\n\t\t\t\t\t\t<div class=\"elementor-container elementor-column-gap-default\">\n\t\t\t\t\t<div class=\"elementor-column elementor-col-100 elementor-top-column elementor-element elementor-element-4c3557a\" data-id=\"4c3557a\" data-element_type=\"column\" data-e-type=\"column\">\n\t\t\t<div class=\"elementor-widget-wrap elementor-element-populated\">\n\t\t\t\t\t\t<div class=\"elementor-element elementor-element-feb37c8 elementor-widget-divider--view-line elementor-widget elementor-widget-divider\" data-id=\"feb37c8\" data-element_type=\"widget\" data-e-type=\"widget\" data-widget_type=\"divider.default\">\n\t\t\t\t<div class=\"elementor-widget-container\">\n\t\t\t\t\t\t\t<div class=\"elementor-divider\">\n\t\t\t<span class=\"elementor-divider-separator\">\n\t\t\t\t\t\t<\/span>\n\t\t<\/div>\n\t\t\t\t\t\t<\/div>\n\t\t\t\t<\/div>\n\t\t\t\t\t<\/div>\n\t\t<\/div>\n\t\t\t\t\t<\/div>\n\t\t<\/section>\n\t\t\t\t<section class=\"elementor-section elementor-top-section elementor-element elementor-element-f45f574 elementor-section-boxed elementor-section-height-default elementor-section-height-default\" data-id=\"f45f574\" data-element_type=\"section\" data-e-type=\"section\">\n\t\t\t\t\t\t<div class=\"elementor-container elementor-column-gap-default\">\n\t\t\t\t\t<div class=\"elementor-column elementor-col-100 elementor-top-column elementor-element elementor-element-9497f0d\" data-id=\"9497f0d\" data-element_type=\"column\" data-e-type=\"column\">\n\t\t\t<div class=\"elementor-widget-wrap elementor-element-populated\">\n\t\t\t\t\t\t<div class=\"elementor-element elementor-element-bb8f593 elementor-widget elementor-widget-image\" data-id=\"bb8f593\" data-element_type=\"widget\" data-e-type=\"widget\" data-widget_type=\"image.default\">\n\t\t\t\t<div class=\"elementor-widget-container\">\n\t\t\t\t\t\t\t\t\t\t\t\t\t\t\t\t<a href=\"https:\/\/www.dgegroup.eu\" target=\"_blank\" rel=\"noopener\">\n\t\t\t\t\t\t\t<img loading=\"lazy\" decoding=\"async\" width=\"1024\" height=\"200\" src=\"https:\/\/hpsenergy.eu\/wp-content\/uploads\/2025\/07\/DGEGROUP.webp\" class=\"attachment-large size-large wp-image-6588\" alt=\"\" srcset=\"https:\/\/hpsenergy.eu\/wp-content\/uploads\/2025\/07\/DGEGROUP.webp 1024w, https:\/\/hpsenergy.eu\/wp-content\/uploads\/2025\/07\/DGEGROUP-300x59.webp 300w, https:\/\/hpsenergy.eu\/wp-content\/uploads\/2025\/07\/DGEGROUP-768x150.webp 768w, https:\/\/hpsenergy.eu\/wp-content\/uploads\/2025\/07\/DGEGROUP-18x4.webp 18w\" sizes=\"(max-width: 1024px) 100vw, 1024px\" \/>\t\t\t\t\t\t\t\t<\/a>\n\t\t\t\t\t\t\t\t\t\t\t\t\t\t\t<\/div>\n\t\t\t\t<\/div>\n\t\t\t\t\t<\/div>\n\t\t<\/div>\n\t\t\t\t\t<\/div>\n\t\t<\/section>\n\t\t\t\t<\/div>","protected":false},"excerpt":{"rendered":"<p>Pubblica Comunit\u00e0 HPS Energy sviluppa soluzioni per la Pubblica Comunit\u00e0 HPS Energy realizza sistemi basati su impianti solari per l&#8217;utilit\u00e0 pubblica. Tutti i sistemi possono essere Trifase e fornire una potenza ottimale per il fabbisogno collettivo. I sistemi adoperano Inverter di nuova generazione, genericamente sono equipaggiati con sistemi di rete (on grid) muniti di cabine&#8230;<\/p>","protected":false},"author":2,"featured_media":0,"parent":0,"menu_order":0,"comment_status":"closed","ping_status":"closed","template":"","meta":{"_kad_post_transparent":"","_kad_post_title":"","_kad_post_layout":"","_kad_post_sidebar_id":"","_kad_post_content_style":"","_kad_post_vertical_padding":"","_kad_post_feature":"","_kad_post_feature_position":"","_kad_post_header":false,"_kad_post_footer":false,"_kad_post_classname":"","footnotes":""},"class_list":["post-3763","page","type-page","status-publish","hentry"],"_links":{"self":[{"href":"https:\/\/hpsenergy.eu\/en\/wp-json\/wp\/v2\/pages\/3763","targetHints":{"allow":["GET"]}}],"collection":[{"href":"https:\/\/hpsenergy.eu\/en\/wp-json\/wp\/v2\/pages"}],"about":[{"href":"https:\/\/hpsenergy.eu\/en\/wp-json\/wp\/v2\/types\/page"}],"author":[{"embeddable":true,"href":"https:\/\/hpsenergy.eu\/en\/wp-json\/wp\/v2\/users\/2"}],"replies":[{"embeddable":true,"href":"https:\/\/hpsenergy.eu\/en\/wp-json\/wp\/v2\/comments?post=3763"}],"version-history":[{"count":0,"href":"https:\/\/hpsenergy.eu\/en\/wp-json\/wp\/v2\/pages\/3763\/revisions"}],"wp:attachment":[{"href":"https:\/\/hpsenergy.eu\/en\/wp-json\/wp\/v2\/media?parent=3763"}],"curies":[{"name":"wp","href":"https:\/\/api.w.org\/{rel}","templated":true}]}}