{"id":363,"date":"2025-09-12T10:46:27","date_gmt":"2025-09-12T10:46:27","guid":{"rendered":"https:\/\/hpsenergy.eu\/newsletter\/"},"modified":"2025-09-28T05:16:45","modified_gmt":"2025-09-28T05:16:45","slug":"newsletter","status":"publish","type":"page","link":"https:\/\/hpsenergy.eu\/en\/newsletter\/","title":{"rendered":"Newsletter"},"content":{"rendered":"\t\t<div data-elementor-type=\"wp-page\" data-elementor-id=\"363\" class=\"elementor elementor-363\">\n\t\t\t\t\t\t<section class=\"elementor-section elementor-top-section elementor-element elementor-element-a5de387 elementor-section-height-min-height elementor-section-full_width elementor-section-stretched elementor-section-height-default elementor-section-items-middle\" data-id=\"a5de387\" data-element_type=\"section\" data-e-type=\"section\" data-settings=\"{&quot;background_background&quot;:&quot;classic&quot;,&quot;stretch_section&quot;:&quot;section-stretched&quot;}\">\n\t\t\t\t\t\t<div class=\"elementor-container elementor-column-gap-default\">\n\t\t\t\t\t<div class=\"elementor-column elementor-col-100 elementor-top-column elementor-element elementor-element-290e188\" data-id=\"290e188\" data-element_type=\"column\" data-e-type=\"column\">\n\t\t\t<div class=\"elementor-widget-wrap elementor-element-populated\">\n\t\t\t\t\t\t<div class=\"elementor-element elementor-element-0610f47 elementor-widget elementor-widget-heading\" data-id=\"0610f47\" data-element_type=\"widget\" data-e-type=\"widget\" data-widget_type=\"heading.default\">\n\t\t\t\t<div class=\"elementor-widget-container\">\n\t\t\t\t\t<h1 class=\"elementor-heading-title elementor-size-default\">Ottieni Newletters con aggiornamenti sulle offerte<\/h1>\t\t\t\t<\/div>\n\t\t\t\t<\/div>\n\t\t\t\t\t<\/div>\n\t\t<\/div>\n\t\t\t\t\t<\/div>\n\t\t<\/section>\n\t\t\t\t<section class=\"elementor-section elementor-top-section elementor-element elementor-element-e1ebbf9 elementor-section-boxed elementor-section-height-default elementor-section-height-default\" data-id=\"e1ebbf9\" data-element_type=\"section\" data-e-type=\"section\">\n\t\t\t\t\t\t<div class=\"elementor-container elementor-column-gap-default\">\n\t\t\t\t\t<div class=\"elementor-column elementor-col-100 elementor-top-column elementor-element elementor-element-49595a4\" data-id=\"49595a4\" data-element_type=\"column\" data-e-type=\"column\">\n\t\t\t<div class=\"elementor-widget-wrap elementor-element-populated\">\n\t\t\t\t\t\t<div class=\"elementor-element elementor-element-785c060 elementor-widget elementor-widget-heading\" data-id=\"785c060\" data-element_type=\"widget\" data-e-type=\"widget\" data-widget_type=\"heading.default\">\n\t\t\t\t<div class=\"elementor-widget-container\">\n\t\t\t\t\t<h3 class=\"elementor-heading-title elementor-size-default\">Newletters per avere aggiornamenti ed opportunit\u00e0 energetiche<\/h3>\t\t\t\t<\/div>\n\t\t\t\t<\/div>\n\t\t\t\t\t<\/div>\n\t\t<\/div>\n\t\t\t\t\t<\/div>\n\t\t<\/section>\n\t\t\t\t<section class=\"elementor-section elementor-top-section elementor-element elementor-element-40eb2b0 elementor-section-boxed elementor-section-height-default elementor-section-height-default\" data-id=\"40eb2b0\" data-element_type=\"section\" data-e-type=\"section\">\n\t\t\t\t\t\t<div class=\"elementor-container elementor-column-gap-default\">\n\t\t\t\t\t<div class=\"elementor-column elementor-col-100 elementor-top-column elementor-element elementor-element-8d7a3f9\" data-id=\"8d7a3f9\" data-element_type=\"column\" data-e-type=\"column\">\n\t\t\t<div class=\"elementor-widget-wrap elementor-element-populated\">\n\t\t\t\t\t\t<div class=\"elementor-element elementor-element-68df808 elementor-widget elementor-widget-text-editor\" data-id=\"68df808\" data-element_type=\"widget\" data-e-type=\"widget\" data-widget_type=\"text-editor.default\">\n\t\t\t\t<div class=\"elementor-widget-container\">\n\t\t\t\t\t\t\t\t\t<p>HPS Energy invia periodicamente Newletters con aggiornamenti sulle offerte ed opportunit\u00e0, nuove tecnologie ed aggiornamenti tecnici sui prodotti e sistemi in vendita. L&#8217;invio della corrispondenza \u00e8 subordinata all&#8217;accettazione delle nostre politiche commerciali ed alle regole di invio espresse nelle pagine esposte su questo sito.<\/p>\t\t\t\t\t\t\t\t<\/div>\n\t\t\t\t<\/div>\n\t\t\t\t\t<\/div>\n\t\t<\/div>\n\t\t\t\t\t<\/div>\n\t\t<\/section>\n\t\t\t\t<section class=\"elementor-section elementor-top-section elementor-element elementor-element-ca45b2f elementor-section-boxed elementor-section-height-default elementor-section-height-default\" data-id=\"ca45b2f\" data-element_type=\"section\" data-e-type=\"section\" data-settings=\"{&quot;background_background&quot;:&quot;classic&quot;}\">\n\t\t\t\t\t\t<div class=\"elementor-container elementor-column-gap-default\">\n\t\t\t\t\t<div class=\"elementor-column elementor-col-50 elementor-top-column elementor-element elementor-element-8118e47\" data-id=\"8118e47\" data-element_type=\"column\" data-e-type=\"column\">\n\t\t\t<div class=\"elementor-widget-wrap elementor-element-populated\">\n\t\t\t\t\t\t<div class=\"elementor-element elementor-element-2df0a5c elementor-widget elementor-widget-image\" data-id=\"2df0a5c\" data-element_type=\"widget\" data-e-type=\"widget\" data-widget_type=\"image.default\">\n\t\t\t\t<div class=\"elementor-widget-container\">\n\t\t\t\t\t\t\t\t\t\t\t\t\t\t\t<img fetchpriority=\"high\" decoding=\"async\" width=\"300\" height=\"300\" src=\"https:\/\/hpsenergy.eu\/wp-content\/uploads\/2022\/12\/cropped-logoqq-300x300.jpg\" class=\"attachment-medium size-medium wp-image-3510\" alt=\"\" srcset=\"https:\/\/hpsenergy.eu\/wp-content\/uploads\/2022\/12\/cropped-logoqq-300x300.jpg 300w, https:\/\/hpsenergy.eu\/wp-content\/uploads\/2022\/12\/cropped-logoqq-150x150.jpg 150w, https:\/\/hpsenergy.eu\/wp-content\/uploads\/2022\/12\/cropped-logoqq-12x12.jpg 12w, https:\/\/hpsenergy.eu\/wp-content\/uploads\/2022\/12\/cropped-logoqq-144x144.jpg 144w, https:\/\/hpsenergy.eu\/wp-content\/uploads\/2022\/12\/cropped-logoqq-400x400.jpg 400w, https:\/\/hpsenergy.eu\/wp-content\/uploads\/2022\/12\/cropped-logoqq-100x100.jpg 100w, https:\/\/hpsenergy.eu\/wp-content\/uploads\/2022\/12\/cropped-logoqq-270x270.jpg 270w, https:\/\/hpsenergy.eu\/wp-content\/uploads\/2022\/12\/cropped-logoqq-192x192.jpg 192w, https:\/\/hpsenergy.eu\/wp-content\/uploads\/2022\/12\/cropped-logoqq-180x180.jpg 180w, https:\/\/hpsenergy.eu\/wp-content\/uploads\/2022\/12\/cropped-logoqq-32x32.jpg 32w, https:\/\/hpsenergy.eu\/wp-content\/uploads\/2022\/12\/cropped-logoqq.jpg 512w\" sizes=\"(max-width: 300px) 100vw, 300px\" \/>\t\t\t\t\t\t\t\t\t\t\t\t\t\t\t<\/div>\n\t\t\t\t<\/div>\n\t\t\t\t\t<\/div>\n\t\t<\/div>\n\t\t\t\t<div class=\"elementor-column elementor-col-50 elementor-top-column elementor-element elementor-element-1d68371d\" data-id=\"1d68371d\" data-element_type=\"column\" data-e-type=\"column\">\n\t\t\t<div class=\"elementor-widget-wrap elementor-element-populated\">\n\t\t\t\t\t\t<div class=\"elementor-element elementor-element-7380c229 elementor-widget elementor-widget-text-editor\" data-id=\"7380c229\" data-element_type=\"widget\" data-e-type=\"widget\" data-widget_type=\"text-editor.default\">\n\t\t\t\t<div class=\"elementor-widget-container\">\n\t\t\t\t\t\t\t\t\t<p>[newsletter]<\/p>\t\t\t\t\t\t\t\t<\/div>\n\t\t\t\t<\/div>\n\t\t\t\t\t<\/div>\n\t\t<\/div>\n\t\t\t\t\t<\/div>\n\t\t<\/section>\n\t\t\t\t<section class=\"elementor-section elementor-top-section elementor-element elementor-element-e82e41e elementor-section-boxed elementor-section-height-default elementor-section-height-default\" data-id=\"e82e41e\" data-element_type=\"section\" data-e-type=\"section\">\n\t\t\t\t\t\t<div class=\"elementor-container elementor-column-gap-default\">\n\t\t\t\t\t<div class=\"elementor-column elementor-col-100 elementor-top-column elementor-element elementor-element-a8b6e85\" data-id=\"a8b6e85\" data-element_type=\"column\" data-e-type=\"column\">\n\t\t\t<div class=\"elementor-widget-wrap\">\n\t\t\t\t\t\t\t<\/div>\n\t\t<\/div>\n\t\t\t\t\t<\/div>\n\t\t<\/section>\n\t\t\t\t<section class=\"elementor-section elementor-top-section elementor-element elementor-element-4d978151 elementor-section-boxed elementor-section-height-default elementor-section-height-default\" data-id=\"4d978151\" data-element_type=\"section\" data-e-type=\"section\">\n\t\t\t\t\t\t<div class=\"elementor-container elementor-column-gap-default\">\n\t\t\t\t\t<div class=\"elementor-column elementor-col-100 elementor-top-column elementor-element elementor-element-7467322\" data-id=\"7467322\" data-element_type=\"column\" data-e-type=\"column\">\n\t\t\t<div class=\"elementor-widget-wrap elementor-element-populated\">\n\t\t\t\t\t\t<div class=\"elementor-element elementor-element-eee55b3 elementor-widget elementor-widget-image\" data-id=\"eee55b3\" data-element_type=\"widget\" data-e-type=\"widget\" data-widget_type=\"image.default\">\n\t\t\t\t<div class=\"elementor-widget-container\">\n\t\t\t\t\t\t\t\t\t\t\t\t\t\t\t\t<a href=\"https:\/\/dgegroup.eu\/\" target=\"_blank\" rel=\"noopener\">\n\t\t\t\t\t\t\t<img decoding=\"async\" width=\"1024\" height=\"200\" src=\"https:\/\/hpsenergy.eu\/wp-content\/uploads\/2025\/07\/DGEGROUP.webp\" class=\"attachment-1536x1536 size-1536x1536 wp-image-6588\" alt=\"\" srcset=\"https:\/\/hpsenergy.eu\/wp-content\/uploads\/2025\/07\/DGEGROUP.webp 1024w, https:\/\/hpsenergy.eu\/wp-content\/uploads\/2025\/07\/DGEGROUP-300x59.webp 300w, https:\/\/hpsenergy.eu\/wp-content\/uploads\/2025\/07\/DGEGROUP-768x150.webp 768w, https:\/\/hpsenergy.eu\/wp-content\/uploads\/2025\/07\/DGEGROUP-18x4.webp 18w\" sizes=\"(max-width: 1024px) 100vw, 1024px\" \/>\t\t\t\t\t\t\t\t<\/a>\n\t\t\t\t\t\t\t\t\t\t\t\t\t\t\t<\/div>\n\t\t\t\t<\/div>\n\t\t\t\t\t<\/div>\n\t\t<\/div>\n\t\t\t\t\t<\/div>\n\t\t<\/section>\n\t\t\t\t<\/div>\n\t\t","protected":false},"excerpt":{"rendered":"<p>Ottieni Newletters con aggiornamenti sulle offerte Newletters per avere aggiornamenti ed opportunit\u00e0 energetiche HPS Energy invia periodicamente Newletters con aggiornamenti sulle offerte ed opportunit\u00e0, nuove tecnologie ed aggiornamenti tecnici sui prodotti e sistemi in vendita. L&#8217;invio della corrispondenza \u00e8 subordinata all&#8217;accettazione delle nostre politiche commerciali ed alle regole di invio espresse nelle pagine esposte su&#8230;<\/p>","protected":false},"author":2,"featured_media":0,"parent":0,"menu_order":0,"comment_status":"closed","ping_status":"closed","template":"","meta":{"_kad_post_transparent":"","_kad_post_title":"","_kad_post_layout":"","_kad_post_sidebar_id":"","_kad_post_content_style":"","_kad_post_vertical_padding":"","_kad_post_feature":"","_kad_post_feature_position":"","_kad_post_header":false,"_kad_post_footer":false,"_kad_post_classname":"","footnotes":""},"class_list":["post-363","page","type-page","status-publish","hentry"],"_links":{"self":[{"href":"https:\/\/hpsenergy.eu\/en\/wp-json\/wp\/v2\/pages\/363","targetHints":{"allow":["GET"]}}],"collection":[{"href":"https:\/\/hpsenergy.eu\/en\/wp-json\/wp\/v2\/pages"}],"about":[{"href":"https:\/\/hpsenergy.eu\/en\/wp-json\/wp\/v2\/types\/page"}],"author":[{"embeddable":true,"href":"https:\/\/hpsenergy.eu\/en\/wp-json\/wp\/v2\/users\/2"}],"replies":[{"embeddable":true,"href":"https:\/\/hpsenergy.eu\/en\/wp-json\/wp\/v2\/comments?post=363"}],"version-history":[{"count":0,"href":"https:\/\/hpsenergy.eu\/en\/wp-json\/wp\/v2\/pages\/363\/revisions"}],"wp:attachment":[{"href":"https:\/\/hpsenergy.eu\/en\/wp-json\/wp\/v2\/media?parent=363"}],"curies":[{"name":"wp","href":"https:\/\/api.w.org\/{rel}","templated":true}]}}