{"id":319,"date":"2020-03-27T13:41:05","date_gmt":"2020-03-27T13:41:05","guid":{"rendered":"https:\/\/hpsenergy.eu\/?page_id=319"},"modified":"2025-09-28T05:16:44","modified_gmt":"2025-09-28T05:16:44","slug":"about-us","status":"publish","type":"page","link":"https:\/\/hpsenergy.eu\/en\/about-us\/","title":{"rendered":"About Us"},"content":{"rendered":"<div data-elementor-type=\"wp-page\" data-elementor-id=\"319\" class=\"elementor elementor-319\">\n\t\t\t\t\t\t<section class=\"elementor-section elementor-top-section elementor-element elementor-element-32952e4 elementor-section-height-min-height elementor-section-full_width elementor-section-stretched elementor-section-height-default elementor-section-items-middle\" data-id=\"32952e4\" data-element_type=\"section\" data-e-type=\"section\" data-settings=\"{&quot;background_background&quot;:&quot;classic&quot;,&quot;stretch_section&quot;:&quot;section-stretched&quot;}\">\n\t\t\t\t\t\t<div class=\"elementor-container elementor-column-gap-default\">\n\t\t\t\t\t<div class=\"elementor-column elementor-col-100 elementor-top-column elementor-element elementor-element-314f5c9\" data-id=\"314f5c9\" data-element_type=\"column\" data-e-type=\"column\">\n\t\t\t<div class=\"elementor-widget-wrap elementor-element-populated\">\n\t\t\t\t\t\t<div class=\"elementor-element elementor-element-7a6ba17 elementor-widget elementor-widget-heading\" data-id=\"7a6ba17\" data-element_type=\"widget\" data-e-type=\"widget\" data-widget_type=\"heading.default\">\n\t\t\t\t<div class=\"elementor-widget-container\">\n\t\t\t\t\t<h1 class=\"elementor-heading-title elementor-size-default\">About US<\/h1>\t\t\t\t<\/div>\n\t\t\t\t<\/div>\n\t\t\t\t<div class=\"elementor-element elementor-element-3023727 elementor-widget elementor-widget-heading\" data-id=\"3023727\" data-element_type=\"widget\" data-e-type=\"widget\" data-widget_type=\"heading.default\">\n\t\t\t\t<div class=\"elementor-widget-container\">\n\t\t\t\t\t<h4 class=\"elementor-heading-title elementor-size-default\">Innovazione, Sostenibilit\u00e0 e Energia Rinnovabile per il Futuro<\/h4>\t\t\t\t<\/div>\n\t\t\t\t<\/div>\n\t\t\t\t\t<\/div>\n\t\t<\/div>\n\t\t\t\t\t<\/div>\n\t\t<\/section>\n\t\t\t\t<section class=\"elementor-section elementor-top-section elementor-element elementor-element-ef51416 elementor-section-boxed elementor-section-height-default elementor-section-height-default\" data-id=\"ef51416\" data-element_type=\"section\" data-e-type=\"section\">\n\t\t\t\t\t\t<div class=\"elementor-container elementor-column-gap-default\">\n\t\t\t\t\t<div class=\"elementor-column elementor-col-100 elementor-top-column elementor-element elementor-element-38cb28f\" data-id=\"38cb28f\" data-element_type=\"column\" data-e-type=\"column\">\n\t\t\t<div class=\"elementor-widget-wrap elementor-element-populated\">\n\t\t\t\t\t\t<div class=\"elementor-element elementor-element-7bfa28b elementor-widget elementor-widget-heading\" data-id=\"7bfa28b\" data-element_type=\"widget\" data-e-type=\"widget\" data-widget_type=\"heading.default\">\n\t\t\t\t<div class=\"elementor-widget-container\">\n\t\t\t\t\t<h3 class=\"elementor-heading-title elementor-size-default\">About Us -Siamo pi\u00f9 di una semplice societ\u00e0 di consulenza energetica<\/h3>\t\t\t\t<\/div>\n\t\t\t\t<\/div>\n\t\t\t\t\t<\/div>\n\t\t<\/div>\n\t\t\t\t\t<\/div>\n\t\t<\/section>\n\t\t\t\t<section class=\"elementor-section elementor-top-section elementor-element elementor-element-7ae1deb elementor-section-boxed elementor-section-height-default elementor-section-height-default\" data-id=\"7ae1deb\" data-element_type=\"section\" data-e-type=\"section\">\n\t\t\t\t\t\t<div class=\"elementor-container elementor-column-gap-default\">\n\t\t\t\t\t<div class=\"elementor-column elementor-col-100 elementor-top-column elementor-element elementor-element-a1c8648\" data-id=\"a1c8648\" data-element_type=\"column\" data-e-type=\"column\">\n\t\t\t<div class=\"elementor-widget-wrap elementor-element-populated\">\n\t\t\t\t\t\t<div class=\"elementor-element elementor-element-fef2ca9 elementor-widget elementor-widget-text-editor\" data-id=\"fef2ca9\" data-element_type=\"widget\" data-e-type=\"widget\" data-widget_type=\"text-editor.default\">\n\t\t\t\t<div class=\"elementor-widget-container\">\n\t\t\t\t\t\t\t\t\t<p>HPS Energy \u00e8 una realt\u00e0 all&#8217;avanguardia nel settore delle energie rinnovabili, impegnata a progettare soluzioni innovative e personalizzate per il risparmio energetico e la produzione di energia pulita. La nostra missione \u00e8 contribuire a un futuro pi\u00f9 sostenibile, offrendo soluzioni energetiche affidabili, efficienti e scalabili per privati, aziende e enti pubblici.<\/p><p>Fondata con l\u2019obiettivo di promuovere la transizione energetica globale, HPS Energy si distingue per la sua capacit\u00e0 di combinare tecnologie avanzate e un forte impegno verso l&#8217;ambiente. Siamo convinti che un cambiamento radicale nel modo in cui produciamo e consumiamo energia sia necessario per proteggere il nostro pianeta e garantire un futuro migliore per le generazioni a venire.<\/p>\t\t\t\t\t\t\t\t<\/div>\n\t\t\t\t<\/div>\n\t\t\t\t\t<\/div>\n\t\t<\/div>\n\t\t\t\t\t<\/div>\n\t\t<\/section>\n\t\t\t\t<section class=\"elementor-section elementor-top-section elementor-element elementor-element-cec396a elementor-section-boxed elementor-section-height-default elementor-section-height-default\" data-id=\"cec396a\" data-element_type=\"section\" data-e-type=\"section\">\n\t\t\t\t\t\t<div class=\"elementor-container elementor-column-gap-default\">\n\t\t\t\t\t<div class=\"elementor-column elementor-col-50 elementor-top-column elementor-element elementor-element-7faa2c9\" data-id=\"7faa2c9\" data-element_type=\"column\" data-e-type=\"column\">\n\t\t\t<div class=\"elementor-widget-wrap elementor-element-populated\">\n\t\t\t\t\t\t<div class=\"elementor-element elementor-element-7bce4e8 elementor-widget elementor-widget-heading\" data-id=\"7bce4e8\" data-element_type=\"widget\" data-e-type=\"widget\" data-widget_type=\"heading.default\">\n\t\t\t\t<div class=\"elementor-widget-container\">\n\t\t\t\t\t<h4 class=\"elementor-heading-title elementor-size-default\">La Nostra Missione<\/h4>\t\t\t\t<\/div>\n\t\t\t\t<\/div>\n\t\t\t\t<div class=\"elementor-element elementor-element-690a363 elementor-widget elementor-widget-text-editor\" data-id=\"690a363\" data-element_type=\"widget\" data-e-type=\"widget\" data-widget_type=\"text-editor.default\">\n\t\t\t\t<div class=\"elementor-widget-container\">\n\t\t\t\t\t\t\t\t\t<p>La nostra missione \u00e8 semplice: <strong>portare energia pulita a milioni di persone in tutto il mondo<\/strong>.<br \/>Siamo determinati a rendere l\u2019energia rinnovabile accessibile, conveniente e di qualit\u00e0, favorendo la diffusione di impianti solari, eolici e altre soluzioni ecologiche.<\/p><p>Ogni nostro progetto \u00e8 pensato per supportare la transizione verso un futuro pi\u00f9 sostenibile, con un focus particolare sulla qualit\u00e0, l&#8217;affidabilit\u00e0 e la durata dei nostri impianti. Siamo convinti che solo con soluzioni energetiche intelligenti e innovative, come quelle che proponiamo, possiamo affrontare le sfide energetiche globali.<\/p>\t\t\t\t\t\t\t\t<\/div>\n\t\t\t\t<\/div>\n\t\t\t\t\t<\/div>\n\t\t<\/div>\n\t\t\t\t<div class=\"elementor-column elementor-col-50 elementor-top-column elementor-element elementor-element-98a1bfd\" data-id=\"98a1bfd\" data-element_type=\"column\" data-e-type=\"column\">\n\t\t\t<div class=\"elementor-widget-wrap elementor-element-populated\">\n\t\t\t\t\t\t<div class=\"elementor-element elementor-element-f420e6c elementor-widget elementor-widget-heading\" data-id=\"f420e6c\" data-element_type=\"widget\" data-e-type=\"widget\" data-widget_type=\"heading.default\">\n\t\t\t\t<div class=\"elementor-widget-container\">\n\t\t\t\t\t<h4 class=\"elementor-heading-title elementor-size-default\">Il Nostro Team<\/h4>\t\t\t\t<\/div>\n\t\t\t\t<\/div>\n\t\t\t\t<div class=\"elementor-element elementor-element-677ee58 elementor-widget elementor-widget-text-editor\" data-id=\"677ee58\" data-element_type=\"widget\" data-e-type=\"widget\" data-widget_type=\"text-editor.default\">\n\t\t\t\t<div class=\"elementor-widget-container\">\n\t\t\t\t\t\t\t\t\t<p>HPS Energy \u00e8 composta da un team di professionisti altamente qualificati che combinano competenze in ingegneria, progettazione, tecnologie rinnovabili e gestione ambientale. Il nostro obiettivo \u00e8 fornire soluzioni che non solo soddisfano le necessit\u00e0 energetiche, ma che contribuiscono anche a un mondo pi\u00f9 pulito e sostenibile.<\/p><p>Ogni membro del nostro team \u00e8 impegnato a promuovere l&#8217;innovazione e la qualit\u00e0 in ogni fase del progetto, dall&#8217;analisi preliminare alla realizzazione finale.<\/p>\t\t\t\t\t\t\t\t<\/div>\n\t\t\t\t<\/div>\n\t\t\t\t\t<\/div>\n\t\t<\/div>\n\t\t\t\t\t<\/div>\n\t\t<\/section>\n\t\t\t\t<section class=\"elementor-section elementor-top-section elementor-element elementor-element-d54f726 elementor-section-boxed elementor-section-height-default elementor-section-height-default\" data-id=\"d54f726\" data-element_type=\"section\" data-e-type=\"section\">\n\t\t\t\t\t\t<div class=\"elementor-container elementor-column-gap-default\">\n\t\t\t\t\t<div class=\"elementor-column elementor-col-100 elementor-top-column elementor-element elementor-element-c15df44\" data-id=\"c15df44\" data-element_type=\"column\" data-e-type=\"column\">\n\t\t\t<div class=\"elementor-widget-wrap elementor-element-populated\">\n\t\t\t\t\t\t<div class=\"elementor-element elementor-element-ddce84f elementor-widget elementor-widget-heading\" data-id=\"ddce84f\" data-element_type=\"widget\" data-e-type=\"widget\" data-widget_type=\"heading.default\">\n\t\t\t\t<div class=\"elementor-widget-container\">\n\t\t\t\t\t<h4 class=\"elementor-heading-title elementor-size-default\">Cosa Facciamo<\/h4>\t\t\t\t<\/div>\n\t\t\t\t<\/div>\n\t\t\t\t\t<\/div>\n\t\t<\/div>\n\t\t\t\t\t<\/div>\n\t\t<\/section>\n\t\t\t\t<section class=\"elementor-section elementor-top-section elementor-element elementor-element-dd7efa5 elementor-section-boxed elementor-section-height-default elementor-section-height-default\" data-id=\"dd7efa5\" data-element_type=\"section\" data-e-type=\"section\">\n\t\t\t\t\t\t<div class=\"elementor-container elementor-column-gap-default\">\n\t\t\t\t\t<div class=\"elementor-column elementor-col-100 elementor-top-column elementor-element elementor-element-19fd4d1\" data-id=\"19fd4d1\" data-element_type=\"column\" data-e-type=\"column\">\n\t\t\t<div class=\"elementor-widget-wrap elementor-element-populated\">\n\t\t\t\t\t\t<div class=\"elementor-element elementor-element-1e87b34 elementor-widget elementor-widget-text-editor\" data-id=\"1e87b34\" data-element_type=\"widget\" data-e-type=\"widget\" data-widget_type=\"text-editor.default\">\n\t\t\t\t<div class=\"elementor-widget-container\">\n\t\t\t\t\t\t\t\t\t<p>In HPS Energy, offriamo una vasta gamma di soluzioni che spaziano dalla progettazione e installazione di impianti fotovoltaici e eolici a sistemi di ricarica per veicoli elettrici. Le nostre soluzioni sono pensate per soddisfare le esigenze energetiche di <strong>privati, aziende, enti pubblici e aree commerciali<\/strong>, con un&#8217;attenzione particolare alla personalizzazione e all&#8217;ottimizzazione dei consumi.<\/p>\t\t\t\t\t\t\t\t<\/div>\n\t\t\t\t<\/div>\n\t\t\t\t\t<\/div>\n\t\t<\/div>\n\t\t\t\t\t<\/div>\n\t\t<\/section>\n\t\t\t\t<section class=\"elementor-section elementor-top-section elementor-element elementor-element-bcf452c elementor-section-boxed elementor-section-height-default elementor-section-height-default\" data-id=\"bcf452c\" data-element_type=\"section\" data-e-type=\"section\">\n\t\t\t\t\t\t<div class=\"elementor-container elementor-column-gap-default\">\n\t\t\t\t\t<div class=\"elementor-column elementor-col-33 elementor-top-column elementor-element elementor-element-10f1721\" data-id=\"10f1721\" data-element_type=\"column\" data-e-type=\"column\">\n\t\t\t<div class=\"elementor-widget-wrap elementor-element-populated\">\n\t\t\t\t\t\t<div class=\"elementor-element elementor-element-7c660bd elementor-position-top elementor-widget elementor-widget-image-box\" data-id=\"7c660bd\" data-element_type=\"widget\" data-e-type=\"widget\" data-widget_type=\"image-box.default\">\n\t\t\t\t<div class=\"elementor-widget-container\">\n\t\t\t\t\t<div class=\"elementor-image-box-wrapper\"><figure class=\"elementor-image-box-img\"><a href=\"https:\/\/hpsenergy.eu\/en\/domestico\/\" tabindex=\"-1\"><img fetchpriority=\"high\" decoding=\"async\" width=\"768\" height=\"683\" src=\"https:\/\/hpsenergy.eu\/wp-content\/uploads\/2022\/12\/abhome2-768x683.jpg\" class=\"attachment-medium_large size-medium_large wp-image-3085\" alt=\"about per la casa\" srcset=\"https:\/\/hpsenergy.eu\/wp-content\/uploads\/2022\/12\/abhome2-768x683.jpg 768w, https:\/\/hpsenergy.eu\/wp-content\/uploads\/2022\/12\/abhome2-300x267.jpg 300w, https:\/\/hpsenergy.eu\/wp-content\/uploads\/2022\/12\/abhome2-14x12.jpg 14w, https:\/\/hpsenergy.eu\/wp-content\/uploads\/2022\/12\/abhome2.jpg 900w\" sizes=\"(max-width: 768px) 100vw, 768px\" \/><\/a><\/figure><div class=\"elementor-image-box-content\"><h4 class=\"elementor-image-box-title\"><a href=\"https:\/\/hpsenergy.eu\/en\/domestico\/\">Domestico<\/a><\/h4><p class=\"elementor-image-box-description\">Soluzioni per residenziali indipendenti e collettivi (condomini etc).<\/p><\/div><\/div>\t\t\t\t<\/div>\n\t\t\t\t<\/div>\n\t\t\t\t\t<\/div>\n\t\t<\/div>\n\t\t\t\t<div class=\"elementor-column elementor-col-33 elementor-top-column elementor-element elementor-element-61f8e98\" data-id=\"61f8e98\" data-element_type=\"column\" data-e-type=\"column\">\n\t\t\t<div class=\"elementor-widget-wrap elementor-element-populated\">\n\t\t\t\t\t\t<div class=\"elementor-element elementor-element-eac6b17 elementor-position-top elementor-widget elementor-widget-image-box\" data-id=\"eac6b17\" data-element_type=\"widget\" data-e-type=\"widget\" data-widget_type=\"image-box.default\">\n\t\t\t\t<div class=\"elementor-widget-container\">\n\t\t\t\t\t<div class=\"elementor-image-box-wrapper\"><figure class=\"elementor-image-box-img\"><a href=\"https:\/\/hpsenergy.eu\/en\/pubblica-comunita\/\" tabindex=\"-1\"><img decoding=\"async\" width=\"768\" height=\"683\" src=\"https:\/\/hpsenergy.eu\/wp-content\/uploads\/2022\/12\/abprod2-768x683.jpg\" class=\"attachment-medium_large size-medium_large wp-image-3086\" alt=\"about per la comunit\u00e0\" srcset=\"https:\/\/hpsenergy.eu\/wp-content\/uploads\/2022\/12\/abprod2-768x683.jpg 768w, https:\/\/hpsenergy.eu\/wp-content\/uploads\/2022\/12\/abprod2-300x267.jpg 300w, https:\/\/hpsenergy.eu\/wp-content\/uploads\/2022\/12\/abprod2-14x12.jpg 14w, https:\/\/hpsenergy.eu\/wp-content\/uploads\/2022\/12\/abprod2.jpg 900w\" sizes=\"(max-width: 768px) 100vw, 768px\" \/><\/a><\/figure><div class=\"elementor-image-box-content\"><h4 class=\"elementor-image-box-title\"><a href=\"https:\/\/hpsenergy.eu\/en\/pubblica-comunita\/\">Comunitario<\/a><\/h4><p class=\"elementor-image-box-description\">Soluzioni di rete collettiva tipicamente montati su strutture a terra<\/p><\/div><\/div>\t\t\t\t<\/div>\n\t\t\t\t<\/div>\n\t\t\t\t\t<\/div>\n\t\t<\/div>\n\t\t\t\t<div class=\"elementor-column elementor-col-33 elementor-top-column elementor-element elementor-element-c6e4e70\" data-id=\"c6e4e70\" data-element_type=\"column\" data-e-type=\"column\">\n\t\t\t<div class=\"elementor-widget-wrap elementor-element-populated\">\n\t\t\t\t\t\t<div class=\"elementor-element elementor-element-8071fb5 elementor-position-top elementor-widget elementor-widget-image-box\" data-id=\"8071fb5\" data-element_type=\"widget\" data-e-type=\"widget\" data-widget_type=\"image-box.default\">\n\t\t\t\t<div class=\"elementor-widget-container\">\n\t\t\t\t\t<div class=\"elementor-image-box-wrapper\"><figure class=\"elementor-image-box-img\"><a href=\"https:\/\/hpsenergy.eu\/en\/commerciale\/\" tabindex=\"-1\"><img decoding=\"async\" width=\"768\" height=\"683\" src=\"https:\/\/hpsenergy.eu\/wp-content\/uploads\/2022\/12\/abmanuf2-768x683.jpg\" class=\"attachment-medium_large size-medium_large wp-image-3087\" alt=\"about per produzione\" srcset=\"https:\/\/hpsenergy.eu\/wp-content\/uploads\/2022\/12\/abmanuf2-768x683.jpg 768w, https:\/\/hpsenergy.eu\/wp-content\/uploads\/2022\/12\/abmanuf2-300x267.jpg 300w, https:\/\/hpsenergy.eu\/wp-content\/uploads\/2022\/12\/abmanuf2-14x12.jpg 14w, https:\/\/hpsenergy.eu\/wp-content\/uploads\/2022\/12\/abmanuf2.jpg 900w\" sizes=\"(max-width: 768px) 100vw, 768px\" \/><\/a><\/figure><div class=\"elementor-image-box-content\"><h4 class=\"elementor-image-box-title\"><a href=\"https:\/\/hpsenergy.eu\/en\/commerciale\/\">Commerciale<\/a><\/h4><p class=\"elementor-image-box-description\">Soluzioni per aree produttive indipendenti o collettivi in specifiche aree.<\/p><\/div><\/div>\t\t\t\t<\/div>\n\t\t\t\t<\/div>\n\t\t\t\t\t<\/div>\n\t\t<\/div>\n\t\t\t\t\t<\/div>\n\t\t<\/section>\n\t\t\t\t<section class=\"elementor-section elementor-top-section elementor-element elementor-element-a4dd631 elementor-section-boxed elementor-section-height-default elementor-section-height-default\" data-id=\"a4dd631\" data-element_type=\"section\" data-e-type=\"section\">\n\t\t\t\t\t\t<div class=\"elementor-container elementor-column-gap-default\">\n\t\t\t\t\t<div class=\"elementor-column elementor-col-100 elementor-top-column elementor-element elementor-element-05ce64a\" data-id=\"05ce64a\" data-element_type=\"column\" data-e-type=\"column\">\n\t\t\t<div class=\"elementor-widget-wrap elementor-element-populated\">\n\t\t\t\t\t\t<div class=\"elementor-element elementor-element-b021aab elementor-widget elementor-widget-heading\" data-id=\"b021aab\" data-element_type=\"widget\" data-e-type=\"widget\" data-widget_type=\"heading.default\">\n\t\t\t\t<div class=\"elementor-widget-container\">\n\t\t\t\t\t<h4 class=\"elementor-heading-title elementor-size-default\">Perch\u00e9 Scegliere HPS Energy?<\/h4>\t\t\t\t<\/div>\n\t\t\t\t<\/div>\n\t\t\t\t\t<\/div>\n\t\t<\/div>\n\t\t\t\t\t<\/div>\n\t\t<\/section>\n\t\t\t\t<section class=\"elementor-section elementor-top-section elementor-element elementor-element-6128b65 elementor-section-boxed elementor-section-height-default elementor-section-height-default\" data-id=\"6128b65\" data-element_type=\"section\" data-e-type=\"section\">\n\t\t\t\t\t\t<div class=\"elementor-container elementor-column-gap-default\">\n\t\t\t\t\t<div class=\"elementor-column elementor-col-100 elementor-top-column elementor-element elementor-element-b102d8c\" data-id=\"b102d8c\" data-element_type=\"column\" data-e-type=\"column\">\n\t\t\t<div class=\"elementor-widget-wrap elementor-element-populated\">\n\t\t\t\t\t\t<div class=\"elementor-element elementor-element-1ecb6d1 elementor-widget elementor-widget-text-editor\" data-id=\"1ecb6d1\" data-element_type=\"widget\" data-e-type=\"widget\" data-widget_type=\"text-editor.default\">\n\t\t\t\t<div class=\"elementor-widget-container\">\n\t\t\t\t\t\t\t\t\t<h5><strong>1. Innovazione e Tecnologia Avanzata<\/strong><\/h5><p>Utilizziamo solo le tecnologie pi\u00f9 moderne e all&#8217;avanguardia, assicurandoci che ogni impianto che realizziamo offra prestazioni elevate, durata e sostenibilit\u00e0. I nostri impianti fotovoltaici a film sottile e i sistemi eolici sono tra i pi\u00f9 avanzati nel settore.<\/p><h5><strong>2. Sostenibilit\u00e0 al Centro<\/strong><\/h5><p>La nostra visione \u00e8 orientata a ridurre l\u2019impatto ambientale attraverso l\u2019adozione di energie rinnovabili. Ogni progetto che realizziamo \u00e8 progettato per ridurre l\u2019impronta ecologica e garantire una produzione di energia pulita e sostenibile.<\/p><h5><strong>3. Soluzioni Personalizzate<\/strong><\/h5><p>Comprendiamo che ogni cliente ha esigenze diverse. Per questo, sviluppiamo soluzioni su misura che si adattino perfettamente alle specifiche necessit\u00e0 energetiche di ogni singolo progetto, siano essi impianti residenziali o soluzioni industriali su larga scala.<\/p><h5><strong>4. Esperienza e Affidabilit\u00e0<\/strong><\/h5><p>Con anni di esperienza nel settore delle energie rinnovabili, HPS Energy \u00e8 sinonimo di qualit\u00e0 e affidabilit\u00e0. Il nostro team di esperti \u00e8 sempre pronto a fornire consulenza, supporto e assistenza, dalla progettazione all\u2019installazione e oltre.<\/p>\t\t\t\t\t\t\t\t<\/div>\n\t\t\t\t<\/div>\n\t\t\t\t\t<\/div>\n\t\t<\/div>\n\t\t\t\t\t<\/div>\n\t\t<\/section>\n\t\t\t\t<section class=\"elementor-section elementor-top-section elementor-element elementor-element-dc9e711 elementor-section-boxed elementor-section-height-default elementor-section-height-default\" data-id=\"dc9e711\" data-element_type=\"section\" data-e-type=\"section\" data-settings=\"{&quot;background_background&quot;:&quot;classic&quot;}\">\n\t\t\t\t\t\t<div class=\"elementor-container elementor-column-gap-default\">\n\t\t\t\t\t<div class=\"elementor-column elementor-col-100 elementor-top-column elementor-element elementor-element-87bf525\" data-id=\"87bf525\" data-element_type=\"column\" data-e-type=\"column\">\n\t\t\t<div class=\"elementor-widget-wrap elementor-element-populated\">\n\t\t\t\t\t\t<div class=\"elementor-element elementor-element-5f34d08 elementor-widget elementor-widget-image\" data-id=\"5f34d08\" data-element_type=\"widget\" data-e-type=\"widget\" data-widget_type=\"image.default\">\n\t\t\t\t<div class=\"elementor-widget-container\">\n\t\t\t\t\t\t\t\t\t\t\t\t\t\t\t\t<a href=\"https:\/\/dgegroup.eu\/\" target=\"_blank\" rel=\"noopener\">\n\t\t\t\t\t\t\t<img loading=\"lazy\" decoding=\"async\" width=\"1024\" height=\"200\" src=\"https:\/\/hpsenergy.eu\/wp-content\/uploads\/2025\/07\/DGEGROUP.webp\" class=\"attachment-1536x1536 size-1536x1536 wp-image-6588\" alt=\"\" srcset=\"https:\/\/hpsenergy.eu\/wp-content\/uploads\/2025\/07\/DGEGROUP.webp 1024w, https:\/\/hpsenergy.eu\/wp-content\/uploads\/2025\/07\/DGEGROUP-300x59.webp 300w, https:\/\/hpsenergy.eu\/wp-content\/uploads\/2025\/07\/DGEGROUP-768x150.webp 768w, https:\/\/hpsenergy.eu\/wp-content\/uploads\/2025\/07\/DGEGROUP-18x4.webp 18w\" sizes=\"(max-width: 1024px) 100vw, 1024px\" \/>\t\t\t\t\t\t\t\t<\/a>\n\t\t\t\t\t\t\t\t\t\t\t\t\t\t\t<\/div>\n\t\t\t\t<\/div>\n\t\t\t\t\t<\/div>\n\t\t<\/div>\n\t\t\t\t\t<\/div>\n\t\t<\/section>\n\t\t\t\t<\/div>","protected":false},"excerpt":{"rendered":"<p>About US Innovazione, Sostenibilit\u00e0 e Energia Rinnovabile per il Futuro About Us -Siamo pi\u00f9 di una semplice societ\u00e0 di consulenza energetica HPS Energy \u00e8 una realt\u00e0 all&#8217;avanguardia nel settore delle energie rinnovabili, impegnata a progettare soluzioni innovative e personalizzate per il risparmio energetico e la produzione di energia pulita. La nostra missione \u00e8 contribuire a&#8230;<\/p>","protected":false},"author":2,"featured_media":0,"parent":0,"menu_order":0,"comment_status":"closed","ping_status":"closed","template":"","meta":{"_kad_post_transparent":"","_kad_post_title":"","_kad_post_layout":"","_kad_post_sidebar_id":"","_kad_post_content_style":"","_kad_post_vertical_padding":"","_kad_post_feature":"","_kad_post_feature_position":"","_kad_post_header":false,"_kad_post_footer":false,"_kad_post_classname":"","footnotes":""},"class_list":["post-319","page","type-page","status-publish","hentry"],"_links":{"self":[{"href":"https:\/\/hpsenergy.eu\/en\/wp-json\/wp\/v2\/pages\/319","targetHints":{"allow":["GET"]}}],"collection":[{"href":"https:\/\/hpsenergy.eu\/en\/wp-json\/wp\/v2\/pages"}],"about":[{"href":"https:\/\/hpsenergy.eu\/en\/wp-json\/wp\/v2\/types\/page"}],"author":[{"embeddable":true,"href":"https:\/\/hpsenergy.eu\/en\/wp-json\/wp\/v2\/users\/2"}],"replies":[{"embeddable":true,"href":"https:\/\/hpsenergy.eu\/en\/wp-json\/wp\/v2\/comments?post=319"}],"version-history":[{"count":0,"href":"https:\/\/hpsenergy.eu\/en\/wp-json\/wp\/v2\/pages\/319\/revisions"}],"wp:attachment":[{"href":"https:\/\/hpsenergy.eu\/en\/wp-json\/wp\/v2\/media?parent=319"}],"curies":[{"name":"wp","href":"https:\/\/api.w.org\/{rel}","templated":true}]}}